{"id":30,"date":"2022-04-20T22:59:16","date_gmt":"2022-04-20T20:59:16","guid":{"rendered":"https:\/\/phoenix1962.sk\/?page_id=30"},"modified":"2022-04-20T22:59:17","modified_gmt":"2022-04-20T20:59:17","slug":"literatura","status":"publish","type":"page","link":"https:\/\/phoenix1962.sk\/?page_id=30","title":{"rendered":"LITERAT\u00daRA"},"content":{"rendered":"\n<h4 class=\"wp-block-heading\" id=\"slobodomurarska-literatura-a-literatura-zamerana-na-slobodomurarstvo\"><strong>Slobodomur\u00e1rska literat\u00fara a literat\u00fara zameran\u00e1 na slobodomur\u00e1rstvo<\/strong><\/h4>\n\n\n\n<p>ANDERSON, J.: Star\u00e9 povinnosti Svobodn\u00fdch zedn\u00e1\u0159\u016f. Bratislava: CAD Press, 1993<br>ANDERSON, J.: Konstituce svobodn\u00fdch a p\u0159ijat\u00fdch zedn\u00e1\u0159\u016f. Bratislava: CAD Press, 1993<br>ANTON\u00cdN, L., Moudrost-S\u00edla-Kr\u00e1sa. Praha: NK \u010cR, 2003<br>BER\u00c1NEK, J., Tajemstv\u00ed l\u00f3\u017e\u00ed : Svobodn\u00e9 zedn\u00e1\u0159stv\u00ed bez legend a m\u00fdt\u016f. Praha: Mlad\u00e1 fronta, 1994<br>BERESNIAK, D., Slobodomur\u00e1ri \u2013 stavitelia svetla, Bratislava: Sofa, 2002<br>BOROVI\u010cKA, M., Tajn\u00e9 d\u011bjiny zedn\u00e1\u0159sk\u00fdch l\u00f3\u017e\u00ed. Praha: Ottovo nakl., 2003<br>BOUCHER, J., Zedn\u00e1\u0159sk\u00e1 symbolika. Praha: Trigon,1998<br>Cesty Svobodn\u00e9ho zedn\u00e1\u0159stv\u00ed. Praha: Petrkl\u00ed\u010d, 2001<br>\u010cECHUROV\u00c1, J., \u010ce\u0161t\u00ed svobodn\u00ed zedn\u00e1\u0159i ve XX. stolet\u00ed. Praha: Libri, 2002<br>COOPER, R., Tajemstv\u00ed zedn\u00e1\u0159sk\u00e9ho k\u00f3du. Bratrstvo v prom\u011bn\u00e1ch \u010dasu. Praha: Plej\u00e1da, 2010<br>DEDOPULOS, T., Svobodn\u00ed zedn\u00e1\u0159i : nezn\u00e1m\u00fd sv\u011bt nejzn\u00e1m\u011bj\u0161\u00edho bratrstva v historii. Praha: Metafora, 2006<br>DUCHANEOV\u00c1, S., Svobodn\u00e9 zedn\u00e1\u0159stv\u00ed. Praha: Slovart, 2007<br>GINTL, Z., Svobodn\u00e9 zedn\u00e1\u0159stv\u00ed. Praha: Voln\u00e1 my\u0161lenka, 1926<br>GRANDT, G.: \u010cern\u00e1 kniha svobodn\u00fdch zedn\u00e1\u0159\u016f. Praha: Kni\u017en\u00ed klub, 2010<br>HAUBELT, J., Studie o Ign\u00e1ci Bornovi. Praha: UK, 1972<br>HRADSK\u00c1, K.: Slobodomur\u00e1rske l\u00f3\u017ee v Bratislave. Tajn\u00e9 dejiny Bratislavy. Bratislava: Vydavate\u013estvo PT, 2005<br>JAVOR, M.: Slobodomur\u00e1rske hnutie v \u010desk\u00fdch krajin\u00e1ch a v Uhorsku v 18. storo\u010d\u00ed. Pre\u0161ov: PU, 2009<br>JAVOR, M.: Slobodomur\u00e1rske Ko\u0161ice. Bratislava: Sofa, 2010<br>JAVOR, M.: Slobodomur\u00e1rsky Pre\u0161ov, Pre\u0161ov: Grafotla\u010d, 2017<br>JIROUNEK, P.: Mezi Prahou a \u017denevou: Neurov\u011bda, \u017eivotn\u00ed n\u00e1hody a svobodn\u00ed zedn\u00e1\u0159i. Praha: Gal\u00e9n, 2010<br>KISCHKE, H., ANDICZ, H., HAUBELT, J.: Svobodn\u00ed zedn\u00e1\u0159i. Praha: ETC Publishing, 1997<br>KNIGHT, Ch., LOMAS, R.: Kl\u00ed\u010d k Ch\u00edramovi. Praha: ARGO, 1998<br>KONR\u00c1D, R.: L\u00e9ta u\u010d\u0148ovsk\u00e1. Praha: J. Sedm\u00edk, 1934<br>KONR\u00c1D, R.: Po to\u010dit\u00e9m schodi\u0161ti. Praha: J. Sedm\u00edk,1936<br>LENNHOFF, E.: Svobodn\u00ed zedn\u00e1\u0159i. Praha: Petrkl\u00ed\u010d, 1993<br>LE\u0160EHRAD, E.: \u010ce\u0161t\u00ed hudebn\u00edci \u2013 zedn\u00e1\u0159i. Praha: Legiografie, 1933<br>LE\u0160EHRAD, E.: O zalo\u017een\u00ed \u010desk\u00e9 zedn\u00e1\u0159sk\u00e9 l\u00f3\u017ee \u201eU t\u0159\u00ed korunovan\u00fdch sloup\u016f v Or. Praha\u201c r. 1905, Praha: Legiografie, 1935<br>LOBKOWICZ, P. F.: Legenda svobodn\u00fdch zedn\u00e1\u0159\u016f. Praha: Ivo \u017delezn\u00fd, 1996<br>LOMAS, R.: Oto\u010di\u0165 Ch\u00edramov\u00fdm k\u013e\u00fa\u010dom. Bratislava: Remedium, 2007<br>LOMAS, R.: Vid\u011bn\u00ed v temnot\u00e1ch. Praha: BB art, 2006<br>MACNAULTY, K. W.: Svobodn\u00e9 zedn\u00e1\u0159stv\u00ed, Euromedia group (Universum), Praha 2007<br>MA\u0160LA\u0147, F.: D\u011bjiny Svobodn\u00e9ho zedn\u00e1\u0159stv\u00ed v \u010cech\u00e1ch. Praha: Kawana, 1993<br>MUCHA, A.: Svobodn\u00e9 zedn\u00e1\u0159stv\u00ed. Praha: Voln\u00e1 my\u0161lenka, 1924<br>ORT, P.: Svobodn\u00e9 zedn\u00e1\u0159stv\u00ed. Praha: ARISTA\/EPOCHA, 2001<br>POD\u0160KUBKA, J.: \u010cesk\u00e9 svobodn\u00e9 zedn\u00e1\u0159stv\u00ed v pr\u016fb\u011bhu XVIII. stolet\u00ed. Praha: NK \u010cR, 2004<br>RIDLEY, J.: Svobodn\u00ed zedn\u00e1\u0159i. Praha: BB\/art, 2004<br>RIPA MONTESANO, D. V.: Vademecum di Loggia. Roma: Edizione Gran Loggia Phoenix, 2009<br>ROBINSON, J. J.: Zrozeni v krvi. Olomouc: Votobia, 1996<br>SMA\u017d\u00cdK, R.: Kan\u00e1lka, Kr\u00e1lovsk\u00e9 Vinohrady a&nbsp;pra\u017esk\u00e9 zedn\u00e1\u0159stv\u00ed v&nbsp;osmn\u00e1ct\u00e9m stolet\u00ed, Praha: Pragotisk Peroutka a spol., 1931<br>SRB, T.: \u0158\u00e1d svobodn\u00fdch zedn\u00e1\u0159\u016f I, Praha: Eminent, 2001<br>SRB, T.: \u0158\u00e1d svobodn\u00fdch zedn\u00e1\u0159\u016f II, Praha: Eminent, 2003<br>SRB, T.: \u0158\u00e1d svobodn\u00fdch zedn\u00e1\u0159\u016f III, Praha: Eminent, 2009<br>STIBRAL, J.: Zedn\u00e1\u0159i. Praha: Artforum \u2013 jazzov\u00e1 sekce, 1994<br>STREJ\u010cEK, V.: Zedn\u00e1\u0159i, jejich historie, tajemstv\u00ed a duchovn\u00ed cesta. Praha: Unitaria, 1996<br>Symbolika svobodn\u00fdch zedn\u00e1\u0159\u016f (jej\u00ed vznik a v\u00fdznam). Praha: Professional publishing, 2000<br>S\u00ddS, K.: Praha zedn\u00e1\u0159sk\u00e1. Praha: BVD, 2011<br>VOLF, J.: Pokusy o obnoven\u00ed svobodn\u00e9ho zedn\u00e1\u0159stv\u00ed v \u010cech\u00e1ch v l. 1848 \u2013 1914. In: V\u011bstn\u00edk Kr\u00e1l. \u010ces. Spol. nauk, T\u0159. I. Ro\u010d. 1933<br>VONKA, R. J.: Co je zedn\u00e1\u0159stv\u00ed? Praha: vl. n\u00e1kladom, 1935.<br>VONKA, R. J.: Zedn\u00e1\u0159sk\u00e1 symbolika. Praha: vl. n\u00e1kladom, 1928<br>WALLACE-MURPHY, T.: Svobodn\u00ed zedn\u00e1\u0159i \u2013 dejiny hnut\u00ed a mystick\u00e9 souvislosti. Praha: Svojtka &amp; Co., 2007<br>WENDLING, P.: Neomyln\u00ed. Tajomstv\u00e1 exkluz\u00edvnych klubov, l\u00f3\u017e\u00ed a kr\u00fa\u017ekov. Bratislava: Slovensk\u00fd spisovate\u013e, 1999.<br>ZACHYSTAL, F.: Vznik svobodn\u00e9ho zedn\u00e1\u0159stva v \u010cech\u00e1ch. Praha: J. A. Dr\u00e9gr \/ Corona, 1937<\/p>\n\n\n\n<h4 class=\"wp-block-heading\" id=\"slobodomurarska-literatura-a-literatura-zamerana-na-slobodomurarstvo\"><strong>Literat\u00fara zaoberaj\u00faca sa okrajovo slobodomur\u00e1rstvom<\/strong><\/h4>\n\n\n\n<p>GL\u00dcCKSELIG, J.: Tajn\u00e9 spole\u010dnosti. Praha: Magnet-Press, 1993<br>HAVEL, V. M.: M\u00e9 vzpom\u00ednky. Praha: Lidov\u00e9 noviny, 1993<br>JIROUNEK, P.: Mezi Prahou a \u017denevou. Neurov\u011bda, \u017eivotn\u00ed n\u00e1hody a Svobodn\u00e9 zedn\u00e1\u0159stv\u00ed. Praha: Gal\u00e9n, 2019<br>KROUPA, J.: Alchymie \u0161t\u011bst\u00ed. Brno: Muzejn\u00ed a vlastiv\u011bdn\u00e1 spole\u010dnost, 1987<br>KUCHA\u0158, J.: Praha esoterick\u00e1. Praha: Eminent, 2000<br>VURM, B.: Tajn\u00e9 d\u011bjiny Evropy I. Praha: Bohemia, 1996, <br>VURM, B.: Tajn\u00e9 d\u011bjiny Evropy II. Ostrava: Anagram, 1997<\/p>\n\n\n\n<h4 class=\"wp-block-heading\" id=\"slobodomurarska-literatura-a-literatura-zamerana-na-slobodomurarstvo\"><strong>Beletria<\/strong><\/h4>\n\n\n\n<p>JACQ, Ch.: Mistr Hiram a kr\u00e1l \u0160alamoun. Fr\u00fddek-M\u00edstek: ALPRESS, Fr\u00fddek-M\u00edstek, 1997<br>JACQ, Ch.: Mozart I \u2013 IV. Praha: Kni\u017en\u00ed klub, 2007, 2008<br>KIPLING, R.: Pov\u00eddky zedn\u00e1\u0159sk\u00e9 l\u00f3\u017ee, Praha: V. Petr, 1930<\/p>\n","protected":false},"excerpt":{"rendered":"<p>Slobodomur\u00e1rska literat\u00fara a literat\u00fara zameran\u00e1 na slobodomur\u00e1rstvo ANDERSON, J.: Star\u00e9 povinnosti Svobodn\u00fdch zedn\u00e1\u0159\u016f. Bratislava: CAD Press, 1993ANDERSON, J.: Konstituce svobodn\u00fdch a p\u0159ijat\u00fdch zedn\u00e1\u0159\u016f. Bratislava: CAD Press, 1993ANTON\u00cdN, L., Moudrost-S\u00edla-Kr\u00e1sa. Praha: NK \u010cR, 2003BER\u00c1NEK, J., Tajemstv\u00ed l\u00f3\u017e\u00ed : Svobodn\u00e9 zedn\u00e1\u0159stv\u00ed bez legend a m\u00fdt\u016f. Praha: Mlad\u00e1 fronta, 1994BERESNIAK, D., Slobodomur\u00e1ri \u2013 stavitelia svetla, Bratislava: Sofa, 2002BOROVI\u010cKA, [&hellip;]<\/p>\n","protected":false},"author":2,"featured_media":0,"parent":0,"menu_order":0,"comment_status":"closed","ping_status":"closed","template":"","meta":{"_mi_skip_tracking":false,"_monsterinsights_sitenote_active":false,"_monsterinsights_sitenote_note":"","_monsterinsights_sitenote_category":0,"footnotes":""},"_links":{"self":[{"href":"https:\/\/phoenix1962.sk\/index.php?rest_route=\/wp\/v2\/pages\/30"}],"collection":[{"href":"https:\/\/phoenix1962.sk\/index.php?rest_route=\/wp\/v2\/pages"}],"about":[{"href":"https:\/\/phoenix1962.sk\/index.php?rest_route=\/wp\/v2\/types\/page"}],"author":[{"embeddable":true,"href":"https:\/\/phoenix1962.sk\/index.php?rest_route=\/wp\/v2\/users\/2"}],"replies":[{"embeddable":true,"href":"https:\/\/phoenix1962.sk\/index.php?rest_route=%2Fwp%2Fv2%2Fcomments&post=30"}],"version-history":[{"count":6,"href":"https:\/\/phoenix1962.sk\/index.php?rest_route=\/wp\/v2\/pages\/30\/revisions"}],"predecessor-version":[{"id":87,"href":"https:\/\/phoenix1962.sk\/index.php?rest_route=\/wp\/v2\/pages\/30\/revisions\/87"}],"wp:attachment":[{"href":"https:\/\/phoenix1962.sk\/index.php?rest_route=%2Fwp%2Fv2%2Fmedia&parent=30"}],"curies":[{"name":"wp","href":"https:\/\/api.w.org\/{rel}","templated":true}]}}