{"id":23,"date":"2022-04-20T22:59:31","date_gmt":"2022-04-20T20:59:31","guid":{"rendered":"https:\/\/phoenix1962.sk\/?page_id=23"},"modified":"2022-05-23T17:08:43","modified_gmt":"2022-05-23T15:08:43","slug":"loza-phoenix-1962-or-bratislava","status":"publish","type":"page","link":"https:\/\/phoenix1962.sk\/","title":{"rendered":"L\u00d3\u017dA PHOENIX 1962 OR:. BRATISLAVA"},"content":{"rendered":"\n<p><strong>L\u00f3\u017ea Phoenix 1962 na oriente Bratislava <\/strong>bola zalo\u017een\u00e1 vnesen\u00edm svetla 2. febru\u00e1ra 2013 v Bratislave, pod z\u00e1\u0161titou L\u00f3\u017ee \u0158et\u011bz spojen\u00ed na oriente Praha a stala sa tak pionierskou l\u00f3\u017eou Le Droit Humain na Slovensku. <\/p>\n\n\n\n<p>L\u00f3\u017eu tvoria sestry a bratia pestrej palety veku aj profesi\u00ed. Spolo\u010dne sa sna\u017eia, v duchu tolerancie, prostredn\u00edctvom ritu\u00e1lov, symbolov a priate\u013esk\u00fdch stretnut\u00ed o sebapoznanie, o mravn\u00fd a duchovn\u00fd rast svoj, ako aj celej spolo\u010dnosti.<\/p>\n\n\n\n<p>L\u00f3\u017ea nie je n\u00e1bo\u017eenskou alebo ezoterickou spolo\u010dnos\u0165ou. Nie je ani osvetovou, politickou alebo charitat\u00edvnou organiz\u00e1ciou alebo iba klubom pre vyu\u017eitie vo\u013en\u00e9ho \u010dasu. Je sk\u00f4r zo v\u0161etk\u00e9ho trochu, pre ka\u017ed\u00e9ho \u010dlena je ten alebo onen aspekt d\u00f4le\u017eitej\u0161\u00ed.<\/p>\n\n\n\n<p>Spolo\u010dn\u00e9 stretnutia sa konaj\u00fa po\u010das slobodomur\u00e1rskeho roku, t. j. od septembra do j\u00fana, spravidla dva kr\u00e1t za mesiac.<\/p>\n\n\n\n<p>Ka\u017edoro\u010dne zhliadnu Svetlo nov\u00e9 sestry a bratia, ktor\u00fdch oslovujeme vo svojom najbli\u017e\u0161om okol\u00ed alebo sa prihl\u00e1sia prostredn\u00edctvom internetu. Prij\u00edmac\u00ed proces pritom trv\u00e1 mnoho mesiacov, aj rokov, a to s neist\u00fdm v\u00fdsledkom.<\/p>\n\n\n\n<blockquote class=\"wp-block-quote\"><p><\/p><cite>Svetlo svieti aj v najhlb\u0161\u00edch temnot\u00e1ch<\/cite><\/blockquote>\n","protected":false},"excerpt":{"rendered":"<p>L\u00f3\u017ea Phoenix 1962 na oriente Bratislava bola zalo\u017een\u00e1 vnesen\u00edm svetla 2. febru\u00e1ra 2013 v Bratislave, pod z\u00e1\u0161titou L\u00f3\u017ee \u0158et\u011bz spojen\u00ed na oriente Praha a stala sa tak pionierskou l\u00f3\u017eou Le Droit Humain na Slovensku. L\u00f3\u017eu tvoria sestry a bratia pestrej palety veku aj profesi\u00ed. Spolo\u010dne sa sna\u017eia, v duchu tolerancie, prostredn\u00edctvom ritu\u00e1lov, symbolov a priate\u013esk\u00fdch [&hellip;]<\/p>\n","protected":false},"author":2,"featured_media":0,"parent":0,"menu_order":0,"comment_status":"closed","ping_status":"closed","template":"","meta":{"_mi_skip_tracking":false,"_monsterinsights_sitenote_active":false,"_monsterinsights_sitenote_note":"","_monsterinsights_sitenote_category":0,"footnotes":""},"_links":{"self":[{"href":"https:\/\/phoenix1962.sk\/index.php?rest_route=\/wp\/v2\/pages\/23"}],"collection":[{"href":"https:\/\/phoenix1962.sk\/index.php?rest_route=\/wp\/v2\/pages"}],"about":[{"href":"https:\/\/phoenix1962.sk\/index.php?rest_route=\/wp\/v2\/types\/page"}],"author":[{"embeddable":true,"href":"https:\/\/phoenix1962.sk\/index.php?rest_route=\/wp\/v2\/users\/2"}],"replies":[{"embeddable":true,"href":"https:\/\/phoenix1962.sk\/index.php?rest_route=%2Fwp%2Fv2%2Fcomments&post=23"}],"version-history":[{"count":6,"href":"https:\/\/phoenix1962.sk\/index.php?rest_route=\/wp\/v2\/pages\/23\/revisions"}],"predecessor-version":[{"id":100,"href":"https:\/\/phoenix1962.sk\/index.php?rest_route=\/wp\/v2\/pages\/23\/revisions\/100"}],"wp:attachment":[{"href":"https:\/\/phoenix1962.sk\/index.php?rest_route=%2Fwp%2Fv2%2Fmedia&parent=23"}],"curies":[{"name":"wp","href":"https:\/\/api.w.org\/{rel}","templated":true}]}}